{"id":10,"date":"2012-07-12T17:20:00","date_gmt":"2012-07-12T16:20:00","guid":{"rendered":"http:\/\/coralia-wsd.com\/site\/?page_id=10"},"modified":"2014-09-18T14:25:52","modified_gmt":"2014-09-18T13:25:52","slug":"web","status":"publish","type":"page","link":"http:\/\/www.coralia-wsd.com\/site\/web\/","title":{"rendered":"Web"},"content":{"rendered":"<div class=\"l-submain\"><div class=\"l-submain-h g-html i-cf\"><div class=\"g-cols\"><div class=\"full-width\">\n\t<div class=\"wpb_text_column \">\n\t\t<div class=\"wpb_wrapper\">\n\t\t\t<span style=\"font-size: 14px; line-height: 1.5em;\">Nous pensons \u00ab\u00a0communication Internet\u00a0\u00bb avant \u00ab\u00a0sites Internet\u00a0\u00bb car de l&rsquo;un d\u00e9coule l&rsquo;autre. C&rsquo;est pour cette raison que notre premi\u00e8re tache c&rsquo;est d&rsquo;\u00eatre\u00a0<\/span><strong style=\"font-size: 14px; line-height: 1.5em;\">\u00e0 votre \u00e9coute<\/strong><span style=\"font-size: 14px; line-height: 1.5em;\">\u00a0: vous connaissez votre m\u00e9tier mieux que nous.<\/span><\/p>\n<p>Gr\u00e2ce \u00e0 votre connaissance du terrain, de notre expertise\u00a0<strong>web marketing<\/strong>\u00a0et de la qualit\u00e9 de nos\u00a0<strong>conseils techniques<\/strong>, nous assurerons le lancement optimal de votre projet web.<\/p>\n<p>Votre site doit bien-s\u00fbr \u00eatre agr\u00e9able \u00e0 regarder, mais pas seulement. Il doit \u00eatre convivial, simple d&rsquo;utilisation et surtout\u00a0<strong>s\u00e9duire votre public<\/strong>\u00a0gr\u00e2ce \u00e0 un\u00a0<strong>graphisme cibl\u00e9 et des fonctionnalit\u00e9s bien pens\u00e9es<\/strong>.<\/p>\n<p>L&rsquo;aventure commence r\u00e9ellement qu&rsquo;apr\u00e8s la mise en ligne de votre site Internet, nous vous proposons de\u00a0<strong>vous accompagner<\/strong>\u00a0tout au long de la vie de votre site Internet, afin de vous aider \u00e0\u00a0<strong>faire \u00e9voluer<\/strong>\u00a0votre outil de communication interactif en fonction de vos besoins et de ceux de votre domaine d&rsquo;activit\u00e9.<\/p>\n<p>N&rsquo;h\u00e9sitez-pas \u00e0 nous\u00a0<a title=\"agence web CORALIA\" href=\"http:\/\/coralia-wsd.com\/site\/contact\/\" target=\"_blank\">posez vos questions<\/a>\u00a0et\u00a0\u00e0 d\u00e9couvrir notre\u00a0\u00e9quipe web.\n\t\t<\/div> \n\t<\/div> <\/div><\/div><div class=\"g-cols\"><div class=\"full-width\"><div class=\"g-hr type_invisible\">\n\t\t\t\t\t\t<span class=\"g-hr-h\">\n\t\t\t\t\t\t\t<i class=\"fa fa-star\"><\/i>\n\t\t\t\t\t\t<\/span>\n\t\t\t\t\t<\/div><\/div><\/div><div class=\"g-cols\"><div class=\"full-width\">\n\t<div class=\"wpb_text_column \">\n\t\t<div class=\"wpb_wrapper\">\n\t\t\t\n<h1 style=\"text-align: center;\">Nos Services Web<\/h1>\n\n\t\t<\/div> \n\t<\/div> <div class=\"g-cols\"><div class=\"one-third\"><div class=\"w-iconbox iconpos_top\">\n\t\t\t\t\t\t<div class=\"w-iconbox-h\">\n\t\t\t\t\t\t\t<span class=\"w-iconbox-nolink\">\n\t\t\t\t\t\t\t<div class=\"w-iconbox-icon\">\n\t\t\t\t\t\t\t\t<i class=\"fa fa-html5\"><\/i>\t\t<\/div>\n\t\t\t\t\t\t\t<h4 class=\"w-iconbox-title\">Site Web<\/h4>\n\t\t\t\t\t\t\t<\/span>\n\t\t\t\t\t\t\t<div class=\"w-iconbox-text\">\n\t\t\t\t\t\t\t\t<p>Sites corporate, sites \u00e9v\u00e9nementiels, commerce \u00e9lectronique\u2026 Notre m\u00e9thodologie web int\u00e8gre en une m\u00eame approche les aspects \u00e9ditoriaux, devenus cruciaux, aux \u00e9tapes ergonomiques, graphiques et techniques. \u00c0 la cl\u00e9, un retour sur investissement rapide, un trafic qualifi\u00e9 et un bon taux de transformation visiteurs \/ prospects.<\/p>\n\t\t\t\t\t\t\t<\/div>\n\t\t\t\t\t\t<\/div>\n\t\t\t\t\t<\/div><\/div><div class=\"one-third\"><div class=\"w-iconbox iconpos_top\">\n\t\t\t\t\t\t<div class=\"w-iconbox-h\">\n\t\t\t\t\t\t\t<span class=\"w-iconbox-nolink\">\n\t\t\t\t\t\t\t<div class=\"w-iconbox-icon\">\n\t\t\t\t\t\t\t\t<i class=\"fa fa- fa-facebook-square\"><\/i>\t\t<\/div>\n\t\t\t\t\t\t\t<h4 class=\"w-iconbox-title\">M\u00e9dia Sociaux<\/h4>\n\t\t\t\t\t\t\t<\/span>\n\t\t\t\t\t\t\t<div class=\"w-iconbox-text\">\n\t\t\t\t\t\t\t\t<p>Les r\u00e9seaux sociaux ou le marketing social n\u00e9cessitent une strat\u00e9gie et un plan d\u2019action avant d&rsquo;\u00eatre abord\u00e9s. Les m\u00e9dias sociaux constituent un monde riche et plein de possibilit\u00e9s, mais dont l&#8217;empreinte est durable et laisse une impression aux internautes.<\/p>\n\t\t\t\t\t\t\t<\/div>\n\t\t\t\t\t\t<\/div>\n\t\t\t\t\t<\/div><\/div><div class=\"one-third\"><div class=\"w-iconbox iconpos_top\">\n\t\t\t\t\t\t<div class=\"w-iconbox-h\">\n\t\t\t\t\t\t\t<span class=\"w-iconbox-nolink\">\n\t\t\t\t\t\t\t<div class=\"w-iconbox-icon\">\n\t\t\t\t\t\t\t\t<i class=\"fa fa- fa-cog\"><\/i>\t\t<\/div>\n\t\t\t\t\t\t\t<h4 class=\"w-iconbox-title\">Audit des Sites<\/h4>\n\t\t\t\t\t\t\t<\/span>\n\t\t\t\t\t\t\t<div class=\"w-iconbox-text\">\n\t\t\t\t\t\t\t\t<p>Taux de transformation, taux de rebond, nombres de pages vues, nombre de mails ouverts, nombre de clics, nombre de visiteurs uniques\u2026 la performance de votre site poss\u00e8de de nombreux indicateurs qu\u2019il faut conna\u00eetre et analyser pour pouvoir ensuite en optimiser la performance.<\/p>\n\t\t\t\t\t\t\t<\/div>\n\t\t\t\t\t\t<\/div>\n\t\t\t\t\t<\/div><\/div><\/div><div class=\"g-cols\"><div class=\"one-third\"><div class=\"w-iconbox iconpos_top\">\n\t\t\t\t\t\t<div class=\"w-iconbox-h\">\n\t\t\t\t\t\t\t<span class=\"w-iconbox-nolink\">\n\t\t\t\t\t\t\t<div class=\"w-iconbox-icon\">\n\t\t\t\t\t\t\t\t<i class=\"fa fa- fa-refresh\"><\/i>\t\t<\/div>\n\t\t\t\t\t\t\t<h4 class=\"w-iconbox-title\">Web Mastering<\/h4>\n\t\t\t\t\t\t\t<\/span>\n\t\t\t\t\t\t\t<div class=\"w-iconbox-text\">\n\t\t\t\t\t\t\t\t<p>CORALIA prend en charge l\u2019ex\u00e9cution de vos sites internet. L\u2019actualisation et le suivi de nos produits font partis de nos services.<\/p>\n\t\t\t\t\t\t\t<\/div>\n\t\t\t\t\t\t<\/div>\n\t\t\t\t\t<\/div><\/div><div class=\"one-third\"><div class=\"w-iconbox iconpos_top\">\n\t\t\t\t\t\t<div class=\"w-iconbox-h\">\n\t\t\t\t\t\t\t<span class=\"w-iconbox-nolink\">\n\t\t\t\t\t\t\t<div class=\"w-iconbox-icon\">\n\t\t\t\t\t\t\t\t<i class=\"fa fa- fa-pencil-square-o\"><\/i>\t\t<\/div>\n\t\t\t\t\t\t\t<h4 class=\"w-iconbox-title\">Web Design<\/h4>\n\t\t\t\t\t\t\t<\/span>\n\t\t\t\t\t\t\t<div class=\"w-iconbox-text\">\n\t\t\t\t\t\t\t\t<p>HTML5 est la derni\u00e8re r\u00e9vision majeure d&rsquo;HTML . Cette version est en d\u00e9veloppement en 2013<br \/>\nHTML5 d\u00e9signe souvent un ensemble de technologies Web : PHP 5, CSS 3, Jquery, Responsive Design,..<\/p>\n\t\t\t\t\t\t\t<\/div>\n\t\t\t\t\t\t<\/div>\n\t\t\t\t\t<\/div><\/div><div class=\"one-third\"><div class=\"w-iconbox iconpos_top\">\n\t\t\t\t\t\t<div class=\"w-iconbox-h\">\n\t\t\t\t\t\t\t<span class=\"w-iconbox-nolink\">\n\t\t\t\t\t\t\t<div class=\"w-iconbox-icon\">\n\t\t\t\t\t\t\t\t<i class=\"fa fa- fa-volume-up\"><\/i>\t\t<\/div>\n\t\t\t\t\t\t\t<h4 class=\"w-iconbox-title\">Web Marketing<\/h4>\n\t\t\t\t\t\t\t<\/span>\n\t\t\t\t\t\t\t<div class=\"w-iconbox-text\">\n\t\t\t\t\t\t\t\t<p>Animer, fid\u00e9liser, inciter \u00e0 l\u2019achat, au r\u00e9achat, valoriser votre positionnement en ligne, acqu\u00e9rir de nouveaux clients, votre strat\u00e9gie e marketing r\u00e9pond \u00e0 de nombreux objectifs.<\/p>\n\t\t\t\t\t\t\t<\/div>\n\t\t\t\t\t\t<\/div>\n\t\t\t\t\t<\/div><\/div><\/div><div class=\"g-cols\"><div class=\"one-third\"><div class=\"w-iconbox iconpos_top\">\n\t\t\t\t\t\t<div class=\"w-iconbox-h\">\n\t\t\t\t\t\t\t<span class=\"w-iconbox-nolink\">\n\t\t\t\t\t\t\t<div class=\"w-iconbox-icon\">\n\t\t\t\t\t\t\t\t<i class=\"fa fa- fa-search\"><\/i>\t\t<\/div>\n\t\t\t\t\t\t\t<h4 class=\"w-iconbox-title\">SEO<\/h4>\n\t\t\t\t\t\t\t<\/span>\n\t\t\t\t\t\t\t<div class=\"w-iconbox-text\">\n\t\t\t\t\t\t\t\t<p>Une d\u00e9marche de r\u00e9f\u00e9rencement qualitatif visera \u00e0 faire appara\u00eetre le site le plus \u00ab haut \u00bb possible dans les r\u00e9sultats des moteurs de recherche. <\/p>\n\t\t\t\t\t\t\t<\/div>\n\t\t\t\t\t\t<\/div>\n\t\t\t\t\t<\/div><\/div><div class=\"one-third\"><div class=\"w-iconbox iconpos_top\">\n\t\t\t\t\t\t<div class=\"w-iconbox-h\">\n\t\t\t\t\t\t\t<span class=\"w-iconbox-nolink\">\n\t\t\t\t\t\t\t<div class=\"w-iconbox-icon\">\n\t\t\t\t\t\t\t\t<i class=\"fa fa- fa-envelope\"><\/i>\t\t<\/div>\n\t\t\t\t\t\t\t<h4 class=\"w-iconbox-title\">Mailling<\/h4>\n\t\t\t\t\t\t\t<\/span>\n\t\t\t\t\t\t\t<div class=\"w-iconbox-text\">\n\t\t\t\t\t\t\t\t<p>Une base de 71 Million de mail international, vous avez un large choix de cible pour votre compagne d&#8217;emailling<\/p>\n\t\t\t\t\t\t\t<\/div>\n\t\t\t\t\t\t<\/div>\n\t\t\t\t\t<\/div><\/div><div class=\"one-third\"><div class=\"w-iconbox iconpos_top\">\n\t\t\t\t\t\t<div class=\"w-iconbox-h\">\n\t\t\t\t\t\t\t<span class=\"w-iconbox-nolink\">\n\t\t\t\t\t\t\t<div class=\"w-iconbox-icon\">\n\t\t\t\t\t\t\t\t<i class=\"fa fa- fa-upload\"><\/i>\t\t<\/div>\n\t\t\t\t\t\t\t<h4 class=\"w-iconbox-title\">ERP<\/h4>\n\t\t\t\t\t\t\t<\/span>\n\t\t\t\t\t\t\t<div class=\"w-iconbox-text\">\n\t\t\t\t\t\t\t\t<p> \u00ab Enterprise Ressource Planning \u00bb La solution sur mesure pour le contr\u00f4le des informations des entreprises. L&rsquo;application web<\/p>\n\t\t\t\t\t\t\t<\/div>\n\t\t\t\t\t\t<\/div>\n\t\t\t\t\t<\/div><\/div><\/div><\/div><\/div><div class=\"g-cols\"><div class=\"full-width\"><div class=\"g-hr type_invisible\">\n\t\t\t\t\t\t<span class=\"g-hr-h\">\n\t\t\t\t\t\t\t<i class=\"fa fa-star\"><\/i>\n\t\t\t\t\t\t<\/span>\n\t\t\t\t\t<\/div><\/div><\/div><div class=\"g-cols\"><div class=\"full-width animate_afb\">\n\t<div class=\"wpb_text_column \">\n\t\t<div class=\"wpb_wrapper\">\n\t\t\t\n<h2>CORALIA CMS<\/h2>\n<p><strong><a ref=\"magnificPopup\" href=\"http:\/\/coralia-wsd.com\/site\/wp-content\/uploads\/2014\/03\/admin-interface.jpg\"><img loading=\"lazy\" class=\"size-medium wp-image-2912 alignright\" style=\"margin: 10px;\" src=\"http:\/\/coralia-wsd.com\/site\/wp-content\/uploads\/2014\/03\/admin-interface-300x184.jpg\" alt=\"admin interface\" width=\"300\" height=\"184\" srcset=\"http:\/\/www.coralia-wsd.com\/site\/wp-content\/uploads\/2014\/03\/admin-interface-300x184.jpg 300w, http:\/\/www.coralia-wsd.com\/site\/wp-content\/uploads\/2014\/03\/admin-interface-1024x631.jpg 1024w, http:\/\/www.coralia-wsd.com\/site\/wp-content\/uploads\/2014\/03\/admin-interface-500x308.jpg 500w, http:\/\/www.coralia-wsd.com\/site\/wp-content\/uploads\/2014\/03\/admin-interface-200x123.jpg 200w, http:\/\/www.coralia-wsd.com\/site\/wp-content\/uploads\/2014\/03\/admin-interface.jpg 1905w\" sizes=\"(max-width: 300px) 100vw, 300px\" \/><\/a> Modifiez vos pages directement sur votre site.<\/strong><br \/>\nVous avez alors la possibilit\u00e9 de modifier du texte et des images, d&rsquo;ajouter des liens et de la vid\u00e9o, directement sur vos pages, sans passer par une console d&rsquo;administration !<\/p>\n<p><strong>Pour \u00eatre libre !<\/strong><br \/>\nCORALIA CMS est un logiciel r\u00e9gi par un contrat d&rsquo;utilisation entre l&rsquo;utilisateur et CORALIA WEB STUDIO DESIGN. Ce contrat d&rsquo;utilisation donne \u00e0 l&rsquo;utilisateur la possibilit\u00e9 bien-s\u00fbr d&rsquo;utiliser le logiciel, mais \u00e9galement d&rsquo;acc\u00e9der au code source et de le modifier \u00e0 volont\u00e9.<\/p>\n<p><strong>Pour vous exprimer facilement !<\/strong><br \/>\nPr\u00e9sentez votre activit\u00e9 sur Internet en toute simplicit\u00e9 gr\u00e2ce \u00e0 un outil \u00e0 l&rsquo;approche intuitive.<\/p>\n<p><strong>Pour distancer vos concurrents !<\/strong><br \/>\nLe temps est pr\u00e9cieux pour tout professionnel, quel que soit son domaine d&rsquo;activit\u00e9. Profitez des fonctionnalit\u00e9s de CORALIA CMS et prenez une bonne longueur d&rsquo;avance sur vos concurrents. Des fonctionnalit\u00e9s sp\u00e9cialis\u00e9es, d\u00e9di\u00e9es \u00e0 l&rsquo;optimisation du r\u00e9f\u00e9rencement font de CORALIA CMS une v\u00e9ritable arme de guerre.<\/p>\n<p><strong>Pour booster les performances de votre site !<\/strong><br \/>\nCORALIA CMS vous permettra de trouver (ou retrouver) l&rsquo;envie de mettre \u00e0 jour r\u00e9guli\u00e8rement votre site. Les bonnes performances d&rsquo;un site sont en grande partie les cons\u00e9quences d&rsquo;une mise \u00e0 jour r\u00e9guli\u00e8re. Pourtant, de nombreux administrateurs n&rsquo;actualisent plus leur site par peur de manipuler une usine \u00e0 gaz. La facilit\u00e9 d&rsquo;utilisation de CORALIA CMS vous donne envie de mettre \u00e0 jour le contenu de votre site web. C&rsquo;est gr\u00e2ce \u00e0 un outil simple et intuitif que vous irez beaucoup plus loin.\n\t\t<\/div> \n\t<\/div> <\/div><\/div>\n<\/div><\/div>","protected":false},"excerpt":{"rendered":"Nous pensons \u00ab\u00a0communication Internet\u00a0\u00bb avant \u00ab\u00a0sites Internet\u00a0\u00bb car de l'un d\u00e9coule l'autre. C'est pour cette raison que notre premi\u00e8re tache c'est d'\u00eatre\u00a0\u00e0 votre \u00e9coute\u00a0: vous connaissez votre m\u00e9tier mieux que nous. Gr\u00e2ce \u00e0 votre connaissance du terrain, de notre expertise\u00a0web...","protected":false},"author":4,"featured_media":0,"parent":0,"menu_order":0,"comment_status":"open","ping_status":"open","template":"","meta":[],"_links":{"self":[{"href":"http:\/\/www.coralia-wsd.com\/site\/wp-json\/wp\/v2\/pages\/10"}],"collection":[{"href":"http:\/\/www.coralia-wsd.com\/site\/wp-json\/wp\/v2\/pages"}],"about":[{"href":"http:\/\/www.coralia-wsd.com\/site\/wp-json\/wp\/v2\/types\/page"}],"author":[{"embeddable":true,"href":"http:\/\/www.coralia-wsd.com\/site\/wp-json\/wp\/v2\/users\/4"}],"replies":[{"embeddable":true,"href":"http:\/\/www.coralia-wsd.com\/site\/wp-json\/wp\/v2\/comments?post=10"}],"version-history":[{"count":27,"href":"http:\/\/www.coralia-wsd.com\/site\/wp-json\/wp\/v2\/pages\/10\/revisions"}],"predecessor-version":[{"id":3363,"href":"http:\/\/www.coralia-wsd.com\/site\/wp-json\/wp\/v2\/pages\/10\/revisions\/3363"}],"wp:attachment":[{"href":"http:\/\/www.coralia-wsd.com\/site\/wp-json\/wp\/v2\/media?parent=10"}],"curies":[{"name":"wp","href":"https:\/\/api.w.org\/{rel}","templated":true}]}}