{"id":14,"date":"2012-07-12T17:20:19","date_gmt":"2012-07-12T16:20:19","guid":{"rendered":"http:\/\/coralia-wsd.com\/site\/?page_id=14"},"modified":"2015-06-12T16:36:28","modified_gmt":"2015-06-12T15:36:28","slug":"design","status":"publish","type":"page","link":"http:\/\/www.coralia-wsd.com\/site\/design\/","title":{"rendered":"Design"},"content":{"rendered":"<div class=\"l-submain\"><div class=\"l-submain-h g-html i-cf\"><div class=\"g-cols\"><div class=\"one-half animate_afb\">\n\t<div class=\"wpb_text_column \">\n\t\t<div class=\"wpb_wrapper\">\n\t\t\t\n<h5>Notre Soci\u00e9t\u00e9 <a href=\"http:\/\/www.evada-design.com\">EVADA DESIGN<\/a> sp\u00e9cialis\u00e9e dans le Design Graphique Print et Digitale\u00a0apportent les techniques dans l&rsquo;\u00e9laboration et la valorisation de votre message. La mise en forme et la mise en sc\u00e8ne de vos contenus permettent une lecture optimis\u00e9e de votre information. Cr\u00e9er du beau ne suffit pas, il faut y joindre l&rsquo;utile et susciter une exp\u00e9rience enrichie chez le consommateur.<\/h5>\n\n\t\t<\/div> \n\t<\/div> <\/div><div class=\"one-half\">\n\t<div class=\"wpb_single_image wpb_content_element\">\n\t\t<div class=\"wpb_wrapper\">\n\t\t\t\n\t\t\t<a href=\"http:\/\/www.coralia-wsd.com\/site\/wp-content\/uploads\/2012\/07\/eavda-design.png\" ref=\"magnificPopup\"><img width=\"300\" height=\"175\" src=\"http:\/\/www.coralia-wsd.com\/site\/wp-content\/uploads\/2012\/07\/eavda-design-300x175.png\" class=\"attachment-medium\" alt=\"\" loading=\"lazy\" srcset=\"http:\/\/www.coralia-wsd.com\/site\/wp-content\/uploads\/2012\/07\/eavda-design-300x175.png 300w, http:\/\/www.coralia-wsd.com\/site\/wp-content\/uploads\/2012\/07\/eavda-design-500x292.png 500w, http:\/\/www.coralia-wsd.com\/site\/wp-content\/uploads\/2012\/07\/eavda-design-200x117.png 200w, http:\/\/www.coralia-wsd.com\/site\/wp-content\/uploads\/2012\/07\/eavda-design.png 600w\" sizes=\"(max-width: 300px) 100vw, 300px\" \/><\/a>\n\t\t<\/div> \n\t<\/div> <\/div><\/div><\/div><\/div><div class=\"l-submain bg_fade black_50 full_width parallax_hor bgwidth_110\" id=\"section_263842\"><div class=\"l-submain-bg\" style=\"background-image: url(http:\/\/www.coralia-wsd.com\/site\/wp-content\/uploads\/2012\/07\/adobe_00340530.jpg);\"><\/div><div class=\"l-submain-h g-html i-cf\"><div class=\"g-cols\"><div class=\"one-half\"><div class=\"g-hr type_invisible size_huge type_simple\">\n\t\t\t\t\t\t<span class=\"g-hr-h\">\n\t\t\t\t\t\t\t<i class=\"fa fa-\"><\/i>\n\t\t\t\t\t\t<\/span>\n\t\t\t\t\t<\/div><div class=\"g-hr type_invisible size_huge type_simple\">\n\t\t\t\t\t\t<span class=\"g-hr-h\">\n\t\t\t\t\t\t\t<i class=\"fa fa-\"><\/i>\n\t\t\t\t\t\t<\/span>\n\t\t\t\t\t<\/div><\/div><div class=\"one-half\"><\/div><\/div><\/div><\/div><script type='text\/javascript'>jQuery(document).ready(function(){ jQuery('#section_263842').horparallax(); });<\/script><div class=\"l-submain\"><div class=\"l-submain-h g-html i-cf\"><div class=\"g-cols\"><div class=\"full-width\"><div class=\"w-tabs\"><div class=\"w-tabs-h\"><div class=\"w-tabs-list\"><div class=\"w-tabs-item with_icon\"><span class=\"w-tabs-item-icon fa fa- fa-eye \"><\/span><span class=\"w-tabs-item-title\">Identit\u00e9 Visuelle<\/span><\/div><div class=\"w-tabs-item with_icon\"><span class=\"w-tabs-item-icon fa fa- fa-bitbucket\"><\/span><span class=\"w-tabs-item-title\">Packaging<\/span><\/div><div class=\"w-tabs-item with_icon\"><span class=\"w-tabs-item-icon fa fa- fa-book\"><\/span><span class=\"w-tabs-item-title\">Catalogue \/ Brochure<\/span><\/div><div class=\"w-tabs-item with_icon\"><span class=\"w-tabs-item-icon fa fa- fa-picture-o \"><\/span><span class=\"w-tabs-item-title\">Banni\u00e8re et Affiche Publicitaire<\/span><\/div><\/div><div class=\"w-tabs-section with_icon\"><div class=\"w-tabs-section-title\"><span class=\"w-tabs-section-title-icon fa fa- fa-eye \"><\/span><span class=\"w-tabs-section-title-text\">Identit\u00e9 Visuelle<\/span><span class=\"w-tabs-section-title-control\"><i class=\"fa fa-angle-down\"><\/i><\/span><\/div><div class=\"w-tabs-section-content\"><div class=\"w-tabs-section-content-h\"><div class=\"g-cols\"><div class=\"full-width\">\n\t<div class=\"wpb_text_column \">\n\t\t<div class=\"wpb_wrapper\">\n\t\t\t\n<h5>Suivre l&rsquo;\u00e9volution culturelle, valoriser votre marque, dynamiser vos \u00e9quipes, sugg\u00e9rer votre personnalit\u00e9&#8230; autant de bonnes raisons de rev\u00eatir l&rsquo;identit\u00e9 qui saura vous accompagner dans votre nouvel essor.<\/h5>\n<h2>Direction cr\u00e9ative et artistique<\/h2>\n<p>Pour initier tout projet de cr\u00e9ation ou de relooking d&rsquo;identit\u00e9 visuelle, il est primordial d&rsquo;assoir la r\u00e9flexion sur une d\u00e9finition claire des objectifs vis\u00e9s. La qualit\u00e9 g\u00e9n\u00e9rale de l&rsquo;identit\u00e9 passe donc par ces \u00e9tapes capitales :<\/p>\n<ul>\n<li><strong>brief cr\u00e9atif<\/strong>\u00a0: en r\u00e9interpr\u00e9tant le besoin, nous pouvons formuler par \u00e9crit la probl\u00e9matique, les contraintes et les enjeux<\/li>\n<li><strong>axes cr\u00e9atifs<\/strong>\u00a0: on d\u00e9termine alors des axes de r\u00e9flexion, autant de pistes d&rsquo;interpr\u00e9tation qui s&rsquo;inscrivent dans la r\u00e9solution du brief cr\u00e9atif. Seuls les axes conformes avec l&rsquo;objectif et valid\u00e9s seront maquett\u00e9s<\/li>\n<li><strong>direction artistique<\/strong>\u00a0: on fixe enfin le style visuel et esth\u00e9tique qui sera privil\u00e9gi\u00e9 pour pouvoir d\u00e9cliner la marque en logotype, charte graphique, ou signal\u00e9tique<\/li>\n<\/ul>\n<p>Ainsi, nous am\u00e9liorons la conduite de la mission en \u00e9vitant les \u00e9cueils, en prenant en compte le paysage concurrentiel gr\u00e2ce \u00e0 l&rsquo;analyse copie, et en justifiant et validant chaque \u00e9tape qui nous rapproche de l&rsquo;objectif.<\/p>\n<h2>Logotype &amp; Marque<\/h2>\n<p>Autour du terme contract\u00e9 de \u00ab\u00a0logo\u00a0\u00bb on retrouve en fait autant de possibilit\u00e9s cr\u00e9atives et de fonctions. Il convient en r\u00e9alit\u00e9 de faire l&rsquo;\u00e9tat du besoin de votre projet, car chaque marque nourrit des ambitions et des contraintes sp\u00e9cifiques. On distinguera notamment :<\/p>\n<p><a ref=\"magnificPopup\" href=\"http:\/\/coralia-wsd.com\/site\/wp-content\/uploads\/2012\/07\/recherche-logo.jpg\"><img loading=\"lazy\" src=\"http:\/\/coralia-wsd.com\/site\/wp-content\/uploads\/2012\/07\/recherche-logo-300x174.jpg\" alt=\"recherche logo\" width=\"300\" height=\"174\" \/><\/a><\/p>\n<ul>\n<li><strong>logotype<\/strong>\u00a0: c&rsquo;est la premi\u00e8re repr\u00e9sentation de votre marque, la transcription \u00e9crite de sa sonorit\u00e9. Le logotype, comme son nom l&rsquo;indique est donc un article typographique dont la coh\u00e9rence avec les sons et l&rsquo;image qu&rsquo;il renvoie est cruciale. Quant \u00e0 son originalit\u00e9, elle peut tout \u00e0 fait surgir d&rsquo;une cr\u00e9ation typographique pure, comme de l&rsquo;association unique d&rsquo;une fonte connue avec les caract\u00e8res de votre nom<\/li>\n<li><strong>pictogramme<\/strong>\u00a0: \u00e0 la diff\u00e9rence du logotype, il a pour vocation \u00e0 repr\u00e9senter de mani\u00e8re figurative un concept ou une chose. Il ne se lit pas mais il s&rsquo;interpr\u00e8te. A ce titre, il peut livrer des informations compl\u00e9mentaires sur votre marque, votre m\u00e9tier ou encore votre vision. Un bon picto peut vivre avec le logotype ou s&rsquo;y substituer : \u00e0 terme, \u00e0 l&rsquo;instar du logotype, il doit repr\u00e9senter la marque sans \u00e9quivoque<\/li>\n<li><strong>monogramme<\/strong>\u00a0: on pourrait dire qu&rsquo;il est \u00e0 la crois\u00e9e des chemins des deux articles pr\u00e9c\u00e9dents. Le monogramme est un travail typographique qui n&rsquo;exploite que les initiales ou le sigle de votre marque. En ce sens, il rev\u00eat un peu des deux fonctions, nominative et figurative, et peut dans certains cas finir par se substituer \u00e0 la marque<\/li>\n<li><strong>bloc-marque<\/strong>\u00a0: c&rsquo;est l&rsquo;assemblage des diff\u00e9rentes composantes de l&rsquo;identit\u00e9 de la marque dans un bloc structur\u00e9. Il peut \u00eatre constitu\u00e9 d&rsquo;un logotype associ\u00e9 \u00e0 un pictogramme, le plus g\u00e9n\u00e9ralement. On peut aussi y retrouver la signature ou baseline de la marque. Pour chaque projet, plusieurs blocs-marques cohabiteront selon des contraintes de verticalit\u00e9\/horizontalit\u00e9, ou bien de traduction de la signature pour les diff\u00e9rents territoires<\/li>\n<\/ul>\n\n\t\t<\/div> \n\t<\/div> <\/div><\/div><\/div><\/div><\/div><div class=\"w-tabs-section with_icon\"><div class=\"w-tabs-section-title\"><span class=\"w-tabs-section-title-icon fa fa- fa-bitbucket\"><\/span><span class=\"w-tabs-section-title-text\">Packaging<\/span><span class=\"w-tabs-section-title-control\"><i class=\"fa fa-angle-down\"><\/i><\/span><\/div><div class=\"w-tabs-section-content\"><div class=\"w-tabs-section-content-h\"><div class=\"g-cols\"><div class=\"full-width\">\n\t<div class=\"wpb_text_column \">\n\t\t<div class=\"wpb_wrapper\">\n\t\t\t<p>Mettre le design au service de votre image, optimiser l\u2019attractivit\u00e9 de vos produits dans le respect de votre identit\u00e9 de marque, afficher vos diff\u00e9rences et affirmer votre pr\u00e9sence dans les lin\u00e9aires<\/p>\n<div>\n<ul>\n<li>Etude merchandising et analyse de lin\u00e9aires<\/li>\n<li>Cr\u00e9ation de charte packaging<\/li>\n<li>Traitement images et textes<\/li>\n<li>R\u00e9alisation des documents d\u2019ex\u00e9cution<\/li>\n<\/ul>\n<\/div>\n\n\t\t<\/div> \n\t<\/div> <\/div><\/div><\/div><\/div><\/div><div class=\"w-tabs-section with_icon\"><div class=\"w-tabs-section-title\"><span class=\"w-tabs-section-title-icon fa fa- fa-book\"><\/span><span class=\"w-tabs-section-title-text\">Catalogue \/ Brochure<\/span><span class=\"w-tabs-section-title-control\"><i class=\"fa fa-angle-down\"><\/i><\/span><\/div><div class=\"w-tabs-section-content\"><div class=\"w-tabs-section-content-h\"><div class=\"g-cols\"><div class=\"full-width\">\n\t<div class=\"wpb_text_column \">\n\t\t<div class=\"wpb_wrapper\">\n\t\t\t<p>La\u00a0<strong>cr\u00e9ation d&rsquo;un catalogue produit<\/strong>\u00a0est un exercice difficile, qui demande beaucoup de ma\u00eetrise des outils de positionnement. Compte tenu du nombre de pages, il convient de garder la m\u00eame\u00a0charte graphique\u00a0qui repr\u00e9sente votre\u00a0identit\u00e9 visuelle, tout en veillant \u00e0 diff\u00e9rencier la pr\u00e9sentation de vos pages par th\u00e8mes majeurs du catalogue.<\/p>\n<p>Nous nous chargeons de la\u00a0<strong>cr\u00e9ation de votre catalogue produit sur papier\u00a0<\/strong>et \u00e9galement de la conception de votre\u00a0<strong>catalogue interactif<\/strong>\u00a0:\u00a0catalogue en ligne,catalogue sur CD\u00a0ou DVD), pour une\u00a0<strong>approche originale et percutante<\/strong>\u00a0des produits que vous d\u00e9sirez vendre.<\/p>\n<p>La cr\u00e9ation d&rsquo;un catalogue produit multi-supports permet \u00e0 votre\u00a0<strong>catalogue produit<\/strong>\u00a0de se retrouver aussi bien dans les mains de vos clients que dans leurs ordinateurs, ce qui accro\u00eetra le volume de vos ventes ! Le catalogue produit est un des meilleurs outils d&rsquo;avant-vente de m\u00eame que les\u00a0sites internet e-commerce\u00a0!<\/p>\n<p>De l&rsquo;ex\u00e9cution \u00e0 l&rsquo;impression de catalogue produit, nous vous proposons une offre de cr\u00e9ation de catalogue produit cl\u00e9 en main, qui fera de nous votre unique interlocuteur.\n\t\t<\/div> \n\t<\/div> <\/div><\/div><\/div><\/div><\/div><div class=\"w-tabs-section with_icon\"><div class=\"w-tabs-section-title\"><span class=\"w-tabs-section-title-icon fa fa- fa-picture-o \"><\/span><span class=\"w-tabs-section-title-text\">Banni\u00e8re et Affiche Publicitaire<\/span><span class=\"w-tabs-section-title-control\"><i class=\"fa fa-angle-down\"><\/i><\/span><\/div><div class=\"w-tabs-section-content\"><div class=\"w-tabs-section-content-h\"><div class=\"g-cols\"><div class=\"full-width\">\n\t<div class=\"wpb_text_column \">\n\t\t<div class=\"wpb_wrapper\">\n\t\t\t\n<h5>L&rsquo;affiche\u00a0est un m\u00e9dia de masse essentiel dans la promotion d&rsquo;un \u00e9v\u00e9nement. Elle permet de cr\u00e9er un impact imm\u00e9diat tout en valorisant le message de part ses dimensions.<\/h5>\n<p>Rendez-vous visible !<\/p>\n<p>Compte tenu de sa diffusion et de sa cible plut\u00f4t urbaine, le message transmis par une\u00a0<strong>affiche<\/strong>\u00a0doit \u00eatre court, pr\u00e9cis et facilement lisible car touchant une population en \u00abmouvement\u00bb : (pi\u00e9ton, conducteur, cycliste \u2026). Notre\u00a0<strong>agence de pub<\/strong>\u00a0travaille sur des formats standards d\u2019<strong>affiches<\/strong>\u00a0pour optimiser leur efficacit\u00e9.<\/p>\n<p>2 types de produits imprim\u00e9s vous sont propos\u00e9s\u00a0:<\/p>\n<ul>\n<li>Affiche int\u00e9rieure : 40x60cm et 60x80cm<\/li>\n<li>Affiche ext\u00e9rieure : 120x176cm et 4x3m<\/li>\n<\/ul>\n<p>Les quantit\u00e9s propos\u00e9es sont des minimums n\u00e9cessaires quelque soit l\u2019op\u00e9ration souhait\u00e9e.<br \/>\nD\u2019autres formats et quantit\u00e9s sont d\u00e9clinables sur simple demande et devis.\n\t\t<\/div> \n\t<\/div> <\/div><\/div><\/div><\/div><\/div><\/div><\/div><\/div><\/div>\n<\/div><\/div>","protected":false},"excerpt":{"rendered":"Notre Soci\u00e9t\u00e9 EVADA DESIGN sp\u00e9cialis\u00e9e dans le Design Graphique Print et Digitale\u00a0apportent les techniques dans l'\u00e9laboration et la valorisation de votre message. La mise en forme et la mise en sc\u00e8ne de vos contenus permettent une lecture optimis\u00e9e de votre...","protected":false},"author":4,"featured_media":0,"parent":0,"menu_order":0,"comment_status":"open","ping_status":"open","template":"","meta":[],"_links":{"self":[{"href":"http:\/\/www.coralia-wsd.com\/site\/wp-json\/wp\/v2\/pages\/14"}],"collection":[{"href":"http:\/\/www.coralia-wsd.com\/site\/wp-json\/wp\/v2\/pages"}],"about":[{"href":"http:\/\/www.coralia-wsd.com\/site\/wp-json\/wp\/v2\/types\/page"}],"author":[{"embeddable":true,"href":"http:\/\/www.coralia-wsd.com\/site\/wp-json\/wp\/v2\/users\/4"}],"replies":[{"embeddable":true,"href":"http:\/\/www.coralia-wsd.com\/site\/wp-json\/wp\/v2\/comments?post=14"}],"version-history":[{"count":32,"href":"http:\/\/www.coralia-wsd.com\/site\/wp-json\/wp\/v2\/pages\/14\/revisions"}],"predecessor-version":[{"id":4516,"href":"http:\/\/www.coralia-wsd.com\/site\/wp-json\/wp\/v2\/pages\/14\/revisions\/4516"}],"wp:attachment":[{"href":"http:\/\/www.coralia-wsd.com\/site\/wp-json\/wp\/v2\/media?parent=14"}],"curies":[{"name":"wp","href":"https:\/\/api.w.org\/{rel}","templated":true}]}}