{"id":18,"date":"2012-07-12T17:20:55","date_gmt":"2012-07-12T16:20:55","guid":{"rendered":"http:\/\/coralia-wsd.com\/site\/?page_id=18"},"modified":"2021-12-15T22:22:26","modified_gmt":"2021-12-15T21:22:26","slug":"contact","status":"publish","type":"page","link":"http:\/\/www.coralia-wsd.com\/site\/contact\/","title":{"rendered":"Contact"},"content":{"rendered":"<div class=\"l-submain\"><div class=\"l-submain-h g-html i-cf\"><div class=\"g-cols\"><div class=\"one-third\">\n\t<div class=\"wpb_text_column \">\n\t\t<div class=\"wpb_wrapper\">\n\t\t\t\n<h3>Get Social<\/h3>\n\n\t\t<\/div> \n\t<\/div> <div class=\"w-socials size_big\">\n\t\t\t<div class=\"w-socials-h\">\n\t\t\t\t<div class=\"w-socials-list\"><div class=\"w-socials-item email\">\n\t\t\t\t\t<a class=\"w-socials-item-link\" href=\"mailto:info@coralia-wsd.com\">\n\t\t\t\t\t\t<i class=\"fa fa-envelope\"><\/i>\n\t\t\t\t\t<\/a>\n\t\t\t\t\t<div class=\"w-socials-item-popup\">\n\t\t\t\t\t\t<div class=\"w-socials-item-popup-h\">\n\t\t\t\t\t\t\t<span class=\"w-socials-item-popup-text\">Email<\/span>\n\t\t\t\t\t\t<\/div>\n\t\t\t\t\t<\/div>\n\t\t\t\t\t<\/div><div class=\"w-socials-item facebook\">\n\t\t\t\t\t<a class=\"w-socials-item-link\" target=\"_blank\" href=\"https:\/\/www.facebook.com\/CORALIA.WSD\">\n\t\t\t\t\t\t<i class=\"fa fa-facebook\"><\/i>\n\t\t\t\t\t<\/a>\n\t\t\t\t\t<div class=\"w-socials-item-popup\">\n\t\t\t\t\t\t<div class=\"w-socials-item-popup-h\">\n\t\t\t\t\t\t\t<span class=\"w-socials-item-popup-text\">Facebook<\/span>\n\t\t\t\t\t\t<\/div>\n\t\t\t\t\t<\/div>\n\t\t\t\t\t<\/div><div class=\"w-socials-item twitter\">\n\t\t\t\t\t<a class=\"w-socials-item-link\" target=\"_blank\" href=\"#\">\n\t\t\t\t\t\t<i class=\"fa fa-twitter\"><\/i>\n\t\t\t\t\t<\/a>\n\t\t\t\t\t<div class=\"w-socials-item-popup\">\n\t\t\t\t\t\t<div class=\"w-socials-item-popup-h\">\n\t\t\t\t\t\t\t<span class=\"w-socials-item-popup-text\">Twitter<\/span>\n\t\t\t\t\t\t<\/div>\n\t\t\t\t\t<\/div>\n\t\t\t\t\t<\/div><div class=\"w-socials-item gplus\">\n\t\t\t\t\t<a class=\"w-socials-item-link\" target=\"_blank\" href=\"https:\/\/plus.google.com\/u\/0\/b\/111679632001054240453\/111679632001054240453\/posts?hl=fr\">\n\t\t\t\t\t\t<i class=\"fa fa-google-plus\"><\/i>\n\t\t\t\t\t<\/a>\n\t\t\t\t\t<div class=\"w-socials-item-popup\">\n\t\t\t\t\t\t<div class=\"w-socials-item-popup-h\">\n\t\t\t\t\t\t\t<span class=\"w-socials-item-popup-text\">Google+<\/span>\n\t\t\t\t\t\t<\/div>\n\t\t\t\t\t<\/div>\n\t\t\t\t\t<\/div><div class=\"w-socials-item linkedin\">\n\t\t\t\t\t<a class=\"w-socials-item-link\" target=\"_blank\" href=\"http:\/\/www.linkedin.com\/company\/coralia-web-studio-design\">\n\t\t\t\t\t\t<i class=\"fa fa-linkedin\"><\/i>\n\t\t\t\t\t<\/a>\n\t\t\t\t\t<div class=\"w-socials-item-popup\">\n\t\t\t\t\t\t<div class=\"w-socials-item-popup-h\">\n\t\t\t\t\t\t\t<span class=\"w-socials-item-popup-text\">LinkedIn<\/span>\n\t\t\t\t\t\t<\/div>\n\t\t\t\t\t<\/div>\n\t\t\t\t\t<\/div><div class=\"w-socials-item youtube\">\n\t\t\t\t\t<a class=\"w-socials-item-link\" target=\"_blank\" href=\"https:\/\/www.youtube.com\/user\/CORALIAWSD\">\n\t\t\t\t\t\t<i class=\"fa fa-youtube-play\"><\/i>\n\t\t\t\t\t<\/a>\n\t\t\t\t\t<div class=\"w-socials-item-popup\">\n\t\t\t\t\t\t<div class=\"w-socials-item-popup-h\">\n\t\t\t\t\t\t\t<span class=\"w-socials-item-popup-text\">YouTube<\/span>\n\t\t\t\t\t\t<\/div>\n\t\t\t\t\t<\/div>\n\t\t\t\t\t<\/div><div class=\"w-socials-item vimeo\">\n\t\t\t\t\t<a class=\"w-socials-item-link\" target=\"_blank\" href=\"http:\/\/www.viadeo.com\/fr\/company\/coralia-web-studio-design\">\n\t\t\t\t\t\t<i class=\"fa fa-vimeo-square\"><\/i>\n\t\t\t\t\t<\/a>\n\t\t\t\t\t<div class=\"w-socials-item-popup\">\n\t\t\t\t\t\t<div class=\"w-socials-item-popup-h\">\n\t\t\t\t\t\t\t<span class=\"w-socials-item-popup-text\">Vimeo<\/span>\n\t\t\t\t\t\t<\/div>\n\t\t\t\t\t<\/div>\n\t\t\t\t\t<\/div><\/div><\/div><\/div><div class=\"g-hr type_invisible\">\n\t\t\t\t\t\t<span class=\"g-hr-h\">\n\t\t\t\t\t\t\t<i class=\"fa fa-star\"><\/i>\n\t\t\t\t\t\t<\/span>\n\t\t\t\t\t<\/div>\n\t<div class=\"wpb_text_column \">\n\t\t<div class=\"wpb_wrapper\">\n\t\t\t\n<h3>Contact Info<\/h3>\n\n\t\t<\/div> \n\t<\/div> <div class=\"w-contacts\">\n\t\t\t\t\t\t<div class=\"w-contacts-h\">\n\t\t\t\t\t\t\t<div class=\"w-contacts-list\"><div class=\"w-contacts-item\">\n\t\t\t\t\t\t\t\t\t<i class=\"fa fa-map-marker\"><\/i>\n\t\t\t\t\t\t\t\t\t<span class=\"w-contacts-item-value\">Rte touristique Kantaoui, Sousse, Tunisie<\/span>\n\t\t\t\t\t\t\t\t<\/div><div class=\"w-contacts-item\">\n\t\t\t\t\t\t\t\t\t<i class=\"fa fa-phone\"><\/i>\n\t\t\t\t\t\t\t\t\t<span class=\"w-contacts-item-value\">+33 6 67 25 12 02<\/span>\n\t\t\t\t\t\t\t\t<\/div><div class=\"w-contacts-item\">\n\t\t\t\t\t\t\t\t\t<i class=\"fa fa-envelope\"><\/i>\n\t\t\t\t\t\t\t\t\t<span class=\"w-contacts-item-value\"><a href=\"mailto:coraliawsd@gmail.com\">coraliawsd@gmail.com<\/a><\/span>\n\t\t\t\t\t\t\t\t<\/div><\/div>\n\t\t\t\t\t\t<\/div>\n\t\t\t\t\t<\/div><\/div><div class=\"two-thirds\">\n\t<div class=\"wpb_text_column \">\n\t\t<div class=\"wpb_wrapper\">\n\t\t\t\n<h3>Transformons vos id\u00e9es en opportunit\u00e9s.<br \/>\nVotre communication m\u00e9rite l&rsquo;excellence, confiez-nous cette mission.<\/h3>\n<p>L&rsquo;<strong>agence de communication CORALIA<\/strong>\u00a0serait heureuse de vous rencontrer afin d&rsquo;\u00e9tudier ensemble la mise en place ou le renouvellement de votre communication.<br \/>\nN&rsquo;h\u00e9sitez pas \u00e0 nous contacter pour toute demande de renseignements ou de devis.\n\t\t<\/div> \n\t<\/div> <form class=\"g-form\" action=\"\" method=\"post\"><input type=\"hidden\" name=\"action\" value=\"contact\">\n\t\t\t<div class=\"g-form-group\">\n\t\t\t\t<div class=\"g-form-group-rows\"><div class=\"g-form-row\">\n\t\t\t\t\t\t<div class=\"g-form-row-label\">\n\t\t\t\t\t\t\t<label class=\"g-form-row-label-h\" for=\"contact_name\">Your name<\/label>\n\t\t\t\t\t\t<\/div>\n\t\t\t\t\t\t<div class=\"g-form-row-field\">\n\t\t\t\t\t\t\t<div class=\"g-input\">\n\t\t\t\t\t\t\t\t<input type=\"text\" name=\"contact_name\" id=\"contact_name\" value=\"\">\n\t\t\t\t\t\t\t<\/div>\n\t\t\t\t\t\t<\/div>\n\t\t\t\t\t\t\n\t\t\t\t\t<\/div><div class=\"g-form-row\">\n\t\t\t\t\t\t<div class=\"g-form-row-label\">\n\t\t\t\t\t\t\t<label class=\"g-form-row-label-h\" for=\"contact_email\">Your Email *<\/label>\n\t\t\t\t\t\t<\/div>\n\t\t\t\t\t\t<div class=\"g-form-row-field\">\n\t\t\t\t\t\t\t<div class=\"g-input\">\n\t\t\t\t\t\t\t\t<input type=\"text\" name=\"contact_email\" id=\"contact_email\" value=\"\">\n\t\t\t\t\t\t\t<\/div>\n\t\t\t\t\t\t<\/div>\n\t\t\t\t\t\t\n\t\t\t\t\t<\/div><div class=\"g-form-row\">\n\t\t\t\t\t\t<div class=\"g-form-row-label\">\n\t\t\t\t\t\t\t<label class=\"g-form-row-label-h\" for=\"contact_phone\">Your Phone<\/label>\n\t\t\t\t\t\t<\/div>\n\t\t\t\t\t\t<div class=\"g-form-row-field\">\n\t\t\t\t\t\t\t<div class=\"g-input\">\n\t\t\t\t\t\t\t\t<input type=\"text\" name=\"contact_phone\" id=\"contact_phone\" value=\"\">\n\t\t\t\t\t\t\t<\/div>\n\t\t\t\t\t\t<\/div>\n\t\t\t\t\t\t\n\t\t\t\t\t<\/div><div class=\"g-form-row\">\n\t\t\t\t\t\t<div class=\"g-form-row-label\">\n\t\t\t\t\t\t\t<label class=\"g-form-row-label-h\" for=\"input1x3\">Your Message *<\/label>\n\t\t\t\t\t\t<\/div>\n\t\t\t\t\t\t<div class=\"g-form-row-field\">\n\t\t\t\t\t\t\t<div class=\"g-input\">\n\t\t\t\t\t\t\t\t<textarea name=\"contact_message\" id=\"contact_message\" cols=\"30\" rows=\"10\"><\/textarea>\n\t\t\t\t\t\t\t<\/div>\n\t\t\t\t\t\t<\/div>\n\t\t\t\t\t\t\n\t\t\t\t\t<\/div><div class=\"g-form-row\">\n\t\t\t\t\t\t<div class=\"g-form-row-label\">\n\t\t\t\t\t\t\t<label class=\"g-form-row-label-h\" for=\"contact_captcha\">Just to prove you are a human, please solve the equation:  1 + 9<\/label>\n\t\t\t\t\t\t<\/div>\n\t\t\t\t\t\t<div class=\"g-form-row-field\">\n\t\t\t\t\t\t\t<div class=\"g-input\">\n\t\t\t\t\t\t\t\t<input type=\"hidden\" name=\"contact_captcha_result\" value=\"3adc10cd3b6cad393b25338cc02bd6a1\">\n\t\t\t\t\t\t\t\t<input type=\"text\" name=\"contact_captcha\" id=\"contact_captcha\" value=\"\">\n\t\t\t\t\t\t\t<\/div>\n\t\t\t\t\t\t<\/div>\n\t\t\t\t\t\t\n\t\t\t\t\t<\/div><div class=\"g-form-row\">\n\t\t\t\t\t\t<div class=\"g-form-row-label\"><\/div>\n\t\t\t\t\t\t<div class=\"g-form-row-field\">\n\t\t\t\t\t\t\t<button class=\"g-btn type_primary\"><span>Send Message<\/span><\/button>\n\t\t\t\t\t\t<\/div>\n\t\t\t\t\t<\/div>\n\t\t\t\t<\/div>\n\t\t\t<\/div>\n\t\t<\/form><\/div><\/div>\n<\/div><\/div>","protected":false},"excerpt":{"rendered":"Get Social Email Facebook Twitter Google+ LinkedIn YouTube Vimeo Contact Info Rte touristique Kantaoui, Sousse, Tunisie +33 6 67 25 12 02 coraliawsd@gmail.com Transformons vos id\u00e9es en opportunit\u00e9s. Votre communication m\u00e9rite l'excellence, confiez-nous cette mission. L'agence de communication CORALIA\u00a0serait heureuse...","protected":false},"author":4,"featured_media":0,"parent":0,"menu_order":0,"comment_status":"open","ping_status":"open","template":"","meta":[],"_links":{"self":[{"href":"http:\/\/www.coralia-wsd.com\/site\/wp-json\/wp\/v2\/pages\/18"}],"collection":[{"href":"http:\/\/www.coralia-wsd.com\/site\/wp-json\/wp\/v2\/pages"}],"about":[{"href":"http:\/\/www.coralia-wsd.com\/site\/wp-json\/wp\/v2\/types\/page"}],"author":[{"embeddable":true,"href":"http:\/\/www.coralia-wsd.com\/site\/wp-json\/wp\/v2\/users\/4"}],"replies":[{"embeddable":true,"href":"http:\/\/www.coralia-wsd.com\/site\/wp-json\/wp\/v2\/comments?post=18"}],"version-history":[{"count":42,"href":"http:\/\/www.coralia-wsd.com\/site\/wp-json\/wp\/v2\/pages\/18\/revisions"}],"predecessor-version":[{"id":4636,"href":"http:\/\/www.coralia-wsd.com\/site\/wp-json\/wp\/v2\/pages\/18\/revisions\/4636"}],"wp:attachment":[{"href":"http:\/\/www.coralia-wsd.com\/site\/wp-json\/wp\/v2\/media?parent=18"}],"curies":[{"name":"wp","href":"https:\/\/api.w.org\/{rel}","templated":true}]}}