{"id":317,"date":"2012-07-19T10:46:04","date_gmt":"2012-07-19T09:46:04","guid":{"rendered":"http:\/\/coralia-wsd.com\/site\/?page_id=317"},"modified":"2014-04-06T10:16:50","modified_gmt":"2014-04-06T09:16:50","slug":"soyez-present-sur-le-web","status":"publish","type":"page","link":"http:\/\/www.coralia-wsd.com\/site\/web\/soyez-present-sur-le-web\/","title":{"rendered":"H\u00e9bergements \/ Serveurs"},"content":{"rendered":"<div class=\"l-submain\"><div class=\"l-submain-h g-html i-cf\"><h2><span style=\"font-size: 2.2em; line-height: 1.2em;\">Offre d&rsquo;h\u00e9bergement\u00a0<\/span><\/h2>\n<h4><span style=\"font-size: 1.8em; line-height: 1.2em;\">Imaginez et cr\u00e9ez votre projet&#8230;<\/span><\/h4>\n<p>Avec l&rsquo;h\u00e9bergement CORALIA, votre projet prend la forme de votre choix : site web, pages perso, forum, blog, diaporama photos mais aussi boutique en ligne, site communautaire&#8230;<\/p>\n<p>Concr\u00e9tisez toutes vos envies, communiquez, partagez et \u00e9changez sans limites !<\/p>\n<p>Faites vous un nom gr\u00e2ce au domaine inclus dans votre Pack\u00a0: cr\u00e9ez les adresses web et emails qui vous ressemblent avec une multitude d&rsquo;extensions possibles : .fr ; .net ; .com ; .tv ; .mobi ; .me &#8230; \u00e0 vous de choisir\u00a0!<\/p>\n<h1>Un h\u00e9bergement sur mesure<\/h1>\n<h3>\u00a0Espace disque et trafic<\/h3>\n<p>Avec un espace web de 100Go, enrichissez le contenu de votre site avec des photos, vid\u00e9os, musiques&#8230; sans vous soucier de leur taille. Le trafic illimit\u00e9 vous permet d&rsquo;assurer les \u00e9changes entre votre site et le plus grand nombre d&rsquo;internautes.<\/p>\n<div class=\"w-pricing\"> <div class=\"w-pricing-h\"><div class=\"w-pricing-item type_featured\"><div class=\"w-pricing-item-h\">\n\t\t\t\t\t\t<div class=\"w-pricing-item-header\">\n\t\t\t\t\t\t\t<div class=\"w-pricing-item-title\">Perso<\/div>\n\t\t\t\t\t\t\t<div class=\"w-pricing-item-price\">10 dt<small>par mois<\/small><\/div>\n\t\t\t\t\t\t<\/div>\n\t\t\t\t\t\t<ul class=\"w-pricing-item-features\">\n<li class=\"w-pricing-item-feature\">Espace disque : 100 Gb<\/li>\n<li class=\"w-pricing-item-feature\">1 Nom de\u00a0Domaine<\/li>\n<li class=\"w-pricing-item-feature\">10 Comptes e-mail\u00a0x 2\u00a0Go <\/li>\n<li class=\"w-pricing-item-feature\">1 SQL\u00a0x 200\u00a0Mo<\/li>\n<div class=\"w-pricing-item-footer\">\n\t\t\t\t\t\t<a class=\"w-pricing-item-footer-button g-btn outlined type_primary\" href=\"http:\/\/coralia-wsd.com\/site\/commande-espace-hebergement\/\"><span>Commander<\/span><\/a>\n\t\t\t\t\t<\/div>\n<\/ul><\/div><\/div>\n<div class=\"w-pricing-item\"><div class=\"w-pricing-item-h\">\n\t\t\t\t\t\t<div class=\"w-pricing-item-header\">\n\t\t\t\t\t\t\t<div class=\"w-pricing-item-title\">E-commerce<\/div>\n\t\t\t\t\t\t\t<div class=\"w-pricing-item-price\">16 dt<small>par mois<\/small><\/div>\n\t\t\t\t\t\t<\/div>\n\t\t\t\t\t\t<ul class=\"w-pricing-item-features\">\n<li class=\"w-pricing-item-feature\">Espace disque : 250 Gb<\/li>\n<li class=\"w-pricing-item-feature\">1 Nom de\u00a0Domaine<\/li>\n<li class=\"w-pricing-item-feature\">100 Comptes e-mail\u00a0x 2\u00a0Go<\/li>\n<li class=\"w-pricing-item-feature\">3 SQL\u00a0x 400\u00a0Mo<\/li>\n<div class=\"w-pricing-item-footer\">\n\t\t\t\t\t\t<a class=\"w-pricing-item-footer-button g-btn outlined type_primary\" href=\"http:\/\/coralia-wsd.com\/site\/commande-espace-hebergement\/\"><span>Commander<\/span><\/a>\n\t\t\t\t\t<\/div>\n<\/ul><\/div><\/div>\n<div class=\"w-pricing-item type_featured\"><div class=\"w-pricing-item-h\">\n\t\t\t\t\t\t<div class=\"w-pricing-item-header\">\n\t\t\t\t\t\t\t<div class=\"w-pricing-item-title\">Cloud<\/div>\n\t\t\t\t\t\t\t<div class=\"w-pricing-item-price\">30 dt<small>par mois<\/small><\/div>\n\t\t\t\t\t\t<\/div>\n\t\t\t\t\t\t<ul class=\"w-pricing-item-features\">\n<li class=\"w-pricing-item-feature\">Espace disque : 500 Gb<\/li>\n<li class=\"w-pricing-item-feature\">1\u00a0Nom de\u00a0Domaine<\/li>\n<li class=\"w-pricing-item-feature\">1000 Comptes e-mail\u00a0x 2\u00a0Go<\/li>\n<li class=\"w-pricing-item-feature\">3 SQL\u00a0x 800\u00a0Mo<\/li>\n<div class=\"w-pricing-item-footer\">\n\t\t\t\t\t\t<a class=\"w-pricing-item-footer-button g-btn outlined type_primary\" href=\"http:\/\/coralia-wsd.com\/site\/commande-espace-hebergement\/\"><span>Commander<\/span><\/a>\n\t\t\t\t\t<\/div>\n<\/ul><\/div><\/div>\n<\/div><\/div>\n<\/div><\/div>","protected":false},"excerpt":{"rendered":"<p>Offre d&rsquo;h\u00e9bergement\u00a0 Imaginez et cr\u00e9ez votre projet&#8230; Avec l&rsquo;h\u00e9bergement CORALIA, votre projet prend la forme de votre choix : site web, pages perso, forum, blog, diaporama photos mais aussi boutique en ligne, site communautaire&#8230; Concr\u00e9tisez toutes vos envies, communiquez, partagez&#8230;<\/p>\n","protected":false},"author":4,"featured_media":0,"parent":10,"menu_order":0,"comment_status":"open","ping_status":"open","template":"","meta":[],"_links":{"self":[{"href":"http:\/\/www.coralia-wsd.com\/site\/wp-json\/wp\/v2\/pages\/317"}],"collection":[{"href":"http:\/\/www.coralia-wsd.com\/site\/wp-json\/wp\/v2\/pages"}],"about":[{"href":"http:\/\/www.coralia-wsd.com\/site\/wp-json\/wp\/v2\/types\/page"}],"author":[{"embeddable":true,"href":"http:\/\/www.coralia-wsd.com\/site\/wp-json\/wp\/v2\/users\/4"}],"replies":[{"embeddable":true,"href":"http:\/\/www.coralia-wsd.com\/site\/wp-json\/wp\/v2\/comments?post=317"}],"version-history":[{"count":24,"href":"http:\/\/www.coralia-wsd.com\/site\/wp-json\/wp\/v2\/pages\/317\/revisions"}],"predecessor-version":[{"id":3312,"href":"http:\/\/www.coralia-wsd.com\/site\/wp-json\/wp\/v2\/pages\/317\/revisions\/3312"}],"up":[{"embeddable":true,"href":"http:\/\/www.coralia-wsd.com\/site\/wp-json\/wp\/v2\/pages\/10"}],"wp:attachment":[{"href":"http:\/\/www.coralia-wsd.com\/site\/wp-json\/wp\/v2\/media?parent=317"}],"curies":[{"name":"wp","href":"https:\/\/api.w.org\/{rel}","templated":true}]}}