{"id":3195,"date":"2014-03-06T09:43:10","date_gmt":"2014-03-06T08:43:10","guid":{"rendered":"http:\/\/coralia-wsd.com\/site\/?page_id=3195"},"modified":"2014-09-24T10:27:26","modified_gmt":"2014-09-24T09:27:26","slug":"demande-de-devis","status":"publish","type":"page","link":"http:\/\/www.coralia-wsd.com\/site\/demande-de-devis\/","title":{"rendered":"Demande de Devis"},"content":{"rendered":"<div class=\"l-submain\"><div class=\"l-submain-h g-html i-cf\"><h3>Transformons vos id\u00e9es en opportunit\u00e9s.<\/h3>\n<p>Besoin d&rsquo;un services sp\u00e9cifique, ou d&rsquo;une offre de prix de l&rsquo;un de nos<a href=\"http:\/\/coralia-wsd.com\/site\/packs\/\" target=\"_blank\"> Packages<\/a>\u00a0, Veuillez remplir le formulaire en sp\u00e9cifiant toute vos demandes.<\/p>\n<address>Une R\u00e9ponse vous sera communiquer dans les heures qui suivent..<\/address>\n[si-contact-form form=&rsquo;1&prime;]\n<\/div><\/div>","protected":false},"excerpt":{"rendered":"<p>Transformons vos id\u00e9es en opportunit\u00e9s. Besoin d&rsquo;un services sp\u00e9cifique, ou d&rsquo;une offre de prix de l&rsquo;un de nos Packages\u00a0, Veuillez remplir le formulaire en sp\u00e9cifiant toute vos demandes. Une R\u00e9ponse vous sera communiquer dans les heures qui suivent.. [si-contact-form form=&rsquo;1&prime;]<\/p>\n","protected":false},"author":4,"featured_media":0,"parent":0,"menu_order":0,"comment_status":"closed","ping_status":"closed","template":"","meta":[],"_links":{"self":[{"href":"http:\/\/www.coralia-wsd.com\/site\/wp-json\/wp\/v2\/pages\/3195"}],"collection":[{"href":"http:\/\/www.coralia-wsd.com\/site\/wp-json\/wp\/v2\/pages"}],"about":[{"href":"http:\/\/www.coralia-wsd.com\/site\/wp-json\/wp\/v2\/types\/page"}],"author":[{"embeddable":true,"href":"http:\/\/www.coralia-wsd.com\/site\/wp-json\/wp\/v2\/users\/4"}],"replies":[{"embeddable":true,"href":"http:\/\/www.coralia-wsd.com\/site\/wp-json\/wp\/v2\/comments?post=3195"}],"version-history":[{"count":6,"href":"http:\/\/www.coralia-wsd.com\/site\/wp-json\/wp\/v2\/pages\/3195\/revisions"}],"predecessor-version":[{"id":3488,"href":"http:\/\/www.coralia-wsd.com\/site\/wp-json\/wp\/v2\/pages\/3195\/revisions\/3488"}],"wp:attachment":[{"href":"http:\/\/www.coralia-wsd.com\/site\/wp-json\/wp\/v2\/media?parent=3195"}],"curies":[{"name":"wp","href":"https:\/\/api.w.org\/{rel}","templated":true}]}}