{"id":333,"date":"2012-07-19T11:56:33","date_gmt":"2012-07-19T10:56:33","guid":{"rendered":"http:\/\/coralia-wsd.com\/site\/?page_id=333"},"modified":"2014-03-06T10:47:03","modified_gmt":"2014-03-06T09:47:03","slug":"packs","status":"publish","type":"page","link":"http:\/\/www.coralia-wsd.com\/site\/packs\/","title":{"rendered":"Packs"},"content":{"rendered":"<div class=\"l-submain\"><div class=\"l-submain-h g-html i-cf\"><div class=\"g-cols\"><div class=\"full-width\">\n\t<div class=\"wpb_text_column \">\n\t\t<div class=\"wpb_wrapper\">\n\t\t\t<strong>Ayez l\u2019esprit tranquille et optez pour les solutions packag\u00e9es !<br \/>\nPersonnalisable<\/strong>\u00a0et \u00e9tudi\u00e9 en fonction de votre budget, CORALIA vous propose ses diff\u00e9rents\u00a0<strong>packs<\/strong>\u00a0alliant\u00a0<strong>professionnalisme et sur-mesure.<\/strong><\/p>\n<p>D\u00e9couvrez les diff\u00e9rentes solutions et contactez nous pour plus d\u2019informations.\n\t\t<\/div> \n\t<\/div> <\/div><\/div><\/div><\/div><div class=\"l-submain full_width color_primary parallax_hor bgwidth_130\" id=\"section_378353\"><div class=\"l-submain-bg\" style=\"background-image: url(http:\/\/www.coralia-wsd.com\/site\/wp-content\/uploads\/2012\/07\/surface-touch-wallpapers_6008_2560x1600.jpg);\"><\/div><div class=\"l-submain-h g-html i-cf\"><div class=\"g-cols\"><div class=\"full-width\"><div class=\"g-hr type_invisible size_huge\">\n\t\t\t\t\t\t<span class=\"g-hr-h\">\n\t\t\t\t\t\t\t<i class=\"fa fa-star\"><\/i>\n\t\t\t\t\t\t<\/span>\n\t\t\t\t\t<\/div><div class=\"g-hr type_invisible size_huge\">\n\t\t\t\t\t\t<span class=\"g-hr-h\">\n\t\t\t\t\t\t\t<i class=\"fa fa-star\"><\/i>\n\t\t\t\t\t\t<\/span>\n\t\t\t\t\t<\/div><\/div><\/div><\/div><\/div><script type='text\/javascript'>jQuery(document).ready(function(){ jQuery('#section_378353').horparallax(); });<\/script><div class=\"l-submain\"><div class=\"l-submain-h g-html i-cf\"><div class=\"g-cols\"><div class=\"one-half\"><div class=\"w-iconbox iconpos_top\">\n\t\t\t\t\t\t<div class=\"w-iconbox-h\">\n\t\t\t\t\t\t\t<span class=\"w-iconbox-nolink\">\n\t\t\t\t\t\t\t<div class=\"w-iconbox-icon\">\n\t\t\t\t\t\t\t\t<i class=\"fa fa- fa-users\"><\/i>\t\t<\/div>\n\t\t\t\t\t\t\t<h4 class=\"w-iconbox-title\">Pack Cr\u00e9ateur d\u2019entreprise<\/h4>\n\t\t\t\t\t\t\t<\/span>\n\t\t\t\t\t\t\t<div class=\"w-iconbox-text\">\n\t\t\t\t\t\t\t\t<p>Le Pack Cr\u00e9ateur d\u2019entreprise : l\u2019essentiel pour d\u00e9marrer son activit\u00e9 professionnelle !<\/p>\n<p>La communication est toujours un point important lors de vos d\u00e9marches \u00e0 la cr\u00e9ation d\u2019entreprise. Aujourd\u2019hui, il est indispensable d\u2019y penser lorsque vous souhaitez lancer une soci\u00e9t\u00e9 ou un nouveau concept !<\/p>\n<p>Petit budget, pas d\u2019id\u00e9es, \u2026 Cr\u00e9er sa communication n\u2019est pas si simple. C\u2019est pour cela que CORALIA WSD est le partenaire N\u00b01 des cr\u00e9ateurs d\u2019entreprise.<\/p>\n\t\t\t\t\t\t\t<\/div>\n\t\t\t\t\t\t<\/div>\n\t\t\t\t\t<\/div><span class=\"wpb_button align_center\"><a href=\"http:\/\/coralia-wsd.com\/site\/packs\/pack-createur-dentreprise\/\" class=\"g-btn type_primary\"><span>D\u00e9couvrez les packs<\/span><\/a><\/span>\n<\/div><div class=\"one-half\"><div class=\"w-iconbox iconpos_top\">\n\t\t\t\t\t\t<div class=\"w-iconbox-h\">\n\t\t\t\t\t\t\t<span class=\"w-iconbox-nolink\">\n\t\t\t\t\t\t\t<div class=\"w-iconbox-icon\">\n\t\t\t\t\t\t\t\t<i class=\"fa fa- fa-globe\"><\/i>\t\t<\/div>\n\t\t\t\t\t\t\t<h4 class=\"w-iconbox-title\">Packs Communication Web<\/h4>\n\t\t\t\t\t\t\t<\/span>\n\t\t\t\t\t\t\t<div class=\"w-iconbox-text\">\n\t\t\t\t\t\t\t\t<p>Votre notori\u00e9t\u00e9 n\u2019est plus \u00e0 faire et vous souhaitez moderniser significativement votre image et votre communication, le Pack Web est fait pour vous !<br \/>\nVous souhaitez toucher une nouvelle client\u00e8le et \u00eatre pr\u00e9sent sur une immense plateforme ? Optez pour notre solution Web !<br \/>\nConstitu\u00e9 de tous les meilleurs supports du moment, le Pack Web vous permet de communiquer gr\u00e2ce aux nouvelles technologies. La vid\u00e9o, un site WEB, vous serez \u00e0 la pointe de la technologie !<\/p>\n\t\t\t\t\t\t\t<\/div>\n\t\t\t\t\t\t<\/div>\n\t\t\t\t\t<\/div><span class=\"wpb_button align_center\"><a href=\"http:\/\/coralia-wsd.com\/site\/packs\/pack-web\/\" class=\"g-btn type_primary\"><span>D\u00e9couvrez les packs<\/span><\/a><\/span>\n<\/div><\/div>\n<\/div><\/div>","protected":false},"excerpt":{"rendered":"Ayez l\u2019esprit tranquille et optez pour les solutions packag\u00e9es ! Personnalisable\u00a0et \u00e9tudi\u00e9 en fonction de votre budget, CORALIA vous propose ses diff\u00e9rents\u00a0packs\u00a0alliant\u00a0professionnalisme et sur-mesure. D\u00e9couvrez les diff\u00e9rentes solutions et contactez nous pour plus d\u2019informations. [section background=\"primary\" img=\"3208\" full_width=\"1\" parallax=\"horizontal\" parallax_speed=\"0.4\"...","protected":false},"author":4,"featured_media":0,"parent":0,"menu_order":0,"comment_status":"open","ping_status":"open","template":"","meta":[],"_links":{"self":[{"href":"http:\/\/www.coralia-wsd.com\/site\/wp-json\/wp\/v2\/pages\/333"}],"collection":[{"href":"http:\/\/www.coralia-wsd.com\/site\/wp-json\/wp\/v2\/pages"}],"about":[{"href":"http:\/\/www.coralia-wsd.com\/site\/wp-json\/wp\/v2\/types\/page"}],"author":[{"embeddable":true,"href":"http:\/\/www.coralia-wsd.com\/site\/wp-json\/wp\/v2\/users\/4"}],"replies":[{"embeddable":true,"href":"http:\/\/www.coralia-wsd.com\/site\/wp-json\/wp\/v2\/comments?post=333"}],"version-history":[{"count":10,"href":"http:\/\/www.coralia-wsd.com\/site\/wp-json\/wp\/v2\/pages\/333\/revisions"}],"predecessor-version":[{"id":893,"href":"http:\/\/www.coralia-wsd.com\/site\/wp-json\/wp\/v2\/pages\/333\/revisions\/893"}],"wp:attachment":[{"href":"http:\/\/www.coralia-wsd.com\/site\/wp-json\/wp\/v2\/media?parent=333"}],"curies":[{"name":"wp","href":"https:\/\/api.w.org\/{rel}","templated":true}]}}