{"id":346,"date":"2012-07-19T12:09:21","date_gmt":"2012-07-19T11:09:21","guid":{"rendered":"http:\/\/coralia-wsd.com\/site\/?page_id=346"},"modified":"2015-04-13T11:21:58","modified_gmt":"2015-04-13T10:21:58","slug":"pack-web","status":"publish","type":"page","link":"http:\/\/www.coralia-wsd.com\/site\/packs\/pack-web\/","title":{"rendered":"Pack WEB"},"content":{"rendered":"<div class=\"l-submain\"><div class=\"l-submain-h g-html i-cf\"><p class=\"excerpt\">Vous avez besoin d&rsquo;un site Internet ? Nous sommes l\u00e0 pour vous, le web est notre passion ! Du site vitrine au site e-commerce, nous vous apportons une solution sur-mesure et adapt\u00e9e \u00e0 chaque projet de cr\u00e9ation de site Internet.<\/p>\n<p><strong>Parce que votre visibilit\u00e9 sur internet est importante pour vous, confiez nous votre projet !<\/strong><\/p>\n<p>Experts de la cr\u00e9ation de site Internet, nous vous aidons \u00e0 construire votre support privil\u00e9gi\u00e9 pour communiquer sur votre activit\u00e9 et toucher un public cibl\u00e9.<\/p>\n<h5><strong>Quel type de site Internet pour votre projet?<\/strong><\/h5>\n<p>On vous aide \u00a0\u00e0 choisir le site Internet appropri\u00e9 pour votre pr\u00e9sence sur le web. Chaque type de site pr\u00e9sente des caract\u00e9ristiques et des fonctionnalit\u00e9s diff\u00e9rentes :<\/p>\n<ul>\n<li><strong><span style=\"color: #ff6600;\">Le site Vitrine<\/span><\/strong>, r\u00f4le d\u2019information mettant en avant l\u2019image de marque de votre entreprise, en pr\u00e9sentant votre activit\u00e9, vos produits, vos services.<\/li>\n<li><strong><span style=\"color: #ff6600;\">Le site\u00a0Dynamique<\/span> <\/strong>est un site Vitrine \u00a0dont le contenu \u00e9volue constamment et qui a la capacit\u00e9 de communiquer avec une base de donn\u00e9es en ligne afin d\u2019y puiser son contenu.<\/li>\n<li><strong><span style=\"color: #ff6600;\">Le site e-commerce<\/span><\/strong>, permet de vendre directement vos produits aux internautes qui proc\u00e8dent au paiement directement en ligne.<\/li>\n<\/ul>\n<p>Nos Pack Web<\/p>\n<div class=\"w-pricing\"> <div class=\"w-pricing-h\">\n<div class=\"w-pricing-item\"><div class=\"w-pricing-item-h\">\n\t\t\t\t\t\t<div class=\"w-pricing-item-header\">\n\t\t\t\t\t\t\t<div class=\"w-pricing-item-title\">Pack Basic<\/div>\n\t\t\t\t\t\t\t<div class=\"w-pricing-item-price\"><small>7 jours<\/small><\/div>\n\t\t\t\t\t\t<\/div>\n\t\t\t\t\t\t<ul class=\"w-pricing-item-features\">\n<li class=\"w-pricing-item-feature\">Site Vitrine<\/li>\n<li class=\"w-pricing-item-feature\">Interface CMS<\/li>\n<li class=\"w-pricing-item-feature\">Serveur Web 100 GB<\/li>\n<li class=\"w-pricing-item-feature\">10 mails Pro<\/li>\n<li class=\"w-pricing-item-feature\">Campagne mailing 5 000<\/li>\n<li class=\"w-pricing-item-feature\"><\/li>\n<div class=\"w-pricing-item-footer\">\n\t\t\t\t\t\t<a class=\"w-pricing-item-footer-button g-btn type_default\" href=\"http:\/\/coralia-wsd.com\/site\/demande-de-devis\/\"><span>Demande de prix<\/span><\/a>\n\t\t\t\t\t<\/div>\n<\/ul><\/div><\/div>\n<div class=\"w-pricing-item type_featured\"><div class=\"w-pricing-item-h\">\n\t\t\t\t\t\t<div class=\"w-pricing-item-header\">\n\t\t\t\t\t\t\t<div class=\"w-pricing-item-title\">Pack Business<\/div>\n\t\t\t\t\t\t\t<div class=\"w-pricing-item-price\"><small>10 jours<\/small><\/div>\n\t\t\t\t\t\t<\/div>\n\t\t\t\t\t\t<ul class=\"w-pricing-item-features\">\n<li class=\"w-pricing-item-feature\">Site Vitrine Professionnel<\/li>\n<li class=\"w-pricing-item-feature\">Interface CMS<\/li>\n<li class=\"w-pricing-item-feature\">Serveur Web 250 GB<\/li>\n<li class=\"w-pricing-item-feature\">100 mails Pro<\/li>\n<li class=\"w-pricing-item-feature\">SEO<\/li>\n<li class=\"w-pricing-item-feature\">Social M\u00e9dia<\/li>\n<li class=\"w-pricing-item-feature\">Campagne mailing 20 000<\/li>\n<div class=\"w-pricing-item-footer\">\n\t\t\t\t\t\t<a class=\"w-pricing-item-footer-button g-btn outlined type_primary\" href=\"http:\/\/coralia-wsd.com\/site\/demande-de-devis\/\"><span>Demande de prix<\/span><\/a>\n\t\t\t\t\t<\/div>\n<\/ul><\/div><\/div>\n<div class=\"w-pricing-item\"><div class=\"w-pricing-item-h\">\n\t\t\t\t\t\t<div class=\"w-pricing-item-header\">\n\t\t\t\t\t\t\t<div class=\"w-pricing-item-title\">Pack E-Commerce<\/div>\n\t\t\t\t\t\t\t<div class=\"w-pricing-item-price\"><small>20 jours<\/small><\/div>\n\t\t\t\t\t\t<\/div>\n\t\t\t\t\t\t<ul class=\"w-pricing-item-features\">\n<li class=\"w-pricing-item-feature\">Site e-commerce<\/li>\n<li class=\"w-pricing-item-feature\">Interface CMS<\/li>\n<li class=\"w-pricing-item-feature\">Serveur Web 250 GB<\/li>\n<li class=\"w-pricing-item-feature\">100 mails Pro<\/li>\n<li class=\"w-pricing-item-feature\">SEO<\/li>\n<li class=\"w-pricing-item-feature\">Social M\u00e9dia<\/li>\n<li class=\"w-pricing-item-feature\">Campagne mailing 50 000<\/li>\n<div class=\"w-pricing-item-footer\">\n\t\t\t\t\t\t<a class=\"w-pricing-item-footer-button g-btn type_default\" href=\"http:\/\/coralia-wsd.com\/site\/demande-de-devis\/\"><span>Demande de prix<\/span><\/a>\n\t\t\t\t\t<\/div>\n<\/ul><\/div><\/div>\n<\/div><\/div>\n<p><strong>\u00a0<\/strong><\/p>\n<\/div><\/div>","protected":false},"excerpt":{"rendered":"<p>Vous avez besoin d&rsquo;un site Internet ? Nous sommes l\u00e0 pour vous, le web est notre passion ! Du site vitrine au site e-commerce, nous vous apportons une solution sur-mesure et adapt\u00e9e \u00e0 chaque projet de cr\u00e9ation de site Internet&#8230;.<\/p>\n","protected":false},"author":4,"featured_media":0,"parent":333,"menu_order":0,"comment_status":"open","ping_status":"open","template":"","meta":[],"_links":{"self":[{"href":"http:\/\/www.coralia-wsd.com\/site\/wp-json\/wp\/v2\/pages\/346"}],"collection":[{"href":"http:\/\/www.coralia-wsd.com\/site\/wp-json\/wp\/v2\/pages"}],"about":[{"href":"http:\/\/www.coralia-wsd.com\/site\/wp-json\/wp\/v2\/types\/page"}],"author":[{"embeddable":true,"href":"http:\/\/www.coralia-wsd.com\/site\/wp-json\/wp\/v2\/users\/4"}],"replies":[{"embeddable":true,"href":"http:\/\/www.coralia-wsd.com\/site\/wp-json\/wp\/v2\/comments?post=346"}],"version-history":[{"count":11,"href":"http:\/\/www.coralia-wsd.com\/site\/wp-json\/wp\/v2\/pages\/346\/revisions"}],"predecessor-version":[{"id":4278,"href":"http:\/\/www.coralia-wsd.com\/site\/wp-json\/wp\/v2\/pages\/346\/revisions\/4278"}],"up":[{"embeddable":true,"href":"http:\/\/www.coralia-wsd.com\/site\/wp-json\/wp\/v2\/pages\/333"}],"wp:attachment":[{"href":"http:\/\/www.coralia-wsd.com\/site\/wp-json\/wp\/v2\/media?parent=346"}],"curies":[{"name":"wp","href":"https:\/\/api.w.org\/{rel}","templated":true}]}}