{"id":4270,"date":"2015-04-13T10:30:54","date_gmt":"2015-04-13T09:30:54","guid":{"rendered":"http:\/\/www.coralia-wsd.com\/site\/?page_id=4270"},"modified":"2015-04-16T15:15:14","modified_gmt":"2015-04-16T14:15:14","slug":"pack-e-mailling","status":"publish","type":"page","link":"http:\/\/www.coralia-wsd.com\/site\/pack-e-mailling\/","title":{"rendered":"PACK  E-MAILLING"},"content":{"rendered":"<div class=\"l-submain\"><div class=\"l-submain-h g-html i-cf\"><div class=\"g-cols\"><div class=\"full-width\">\n\t<div class=\"wpb_text_column \">\n\t\t<div class=\"wpb_wrapper\">\n\t\t\t\n<article id=\"intro\" class=\"block-gray\">\n<div class=\"wrapper\">\n<header>L\u2019emailing reste le principal outil de fid\u00e9lisation et de prospection pour vos produits et vos services : un bon message commercial, c\u2019est 45% d\u2019intention d\u2019achat sur un site marchand !<\/header>\n<\/div>\n<\/article>\n<article class=\"block\">\n<div class=\"wrapper\">\n<header>\n<ul>\n<li>PRIVIL\u00c9GIEZ LA QUALIT\u00c9 \u00c0 LA QUANTIT\u00c9<\/li>\n<\/ul>\n<p>Bien d\u00e9finir votre cible pour maximiser les conversions.<\/p>\n<p>Les campagnes peuvent \u00eatre adress\u00e9es \u00e0 vos clients et prospects mais \u00e9galement \u00e0 des bases de contacts qualifi\u00e9s qui sont lou\u00e9es aupr\u00e8s de prestataires sp\u00e9cialis\u00e9s.<\/p>\n<ul>\n<li>OPTIMISATION POUR LA PERFORMANCE<\/li>\n<li>GESTION GLOBALE DE VOS CAMPAGNES<\/li>\n<\/ul>\n<\/header>\n<h5 class=\"visual\">\u00a0Notre Pack Emailing comprend:<\/h5>\n<\/div>\n<\/article>\n<p><em>.<\/em>\n\t\t<\/div> \n\t<\/div> <div class=\"g-cols\"><div class=\"one-third\"><\/div><div class=\"one-third\"><\/div><div class=\"one-third\"><\/div><\/div><\/div><\/div>\n<div class=\"w-pricing\"> <div class=\"w-pricing-h\">\n<div class=\"w-pricing-item\"><div class=\"w-pricing-item-h\">\n\t\t\t\t\t\t<div class=\"w-pricing-item-header\">\n\t\t\t\t\t\t\t<div class=\"w-pricing-item-title\">MAIL  Initial<\/div>\n\t\t\t\t\t\t\t<div class=\"w-pricing-item-price\"><small><\/small><\/div>\n\t\t\t\t\t\t<\/div>\n\t\t\t\t\t\t<ul class=\"w-pricing-item-features\">\n<li class=\"w-pricing-item-feature\"> \u00a02 envois de 20 000 mails TUNISIEN GENERALE aleatoire<\/li>\n<li class=\"w-pricing-item-feature\"> 1 envoi tous les 15 jours<br \/>\n<\/li>\n<li class=\"w-pricing-item-feature\"> \u00a0\u00a0Cr\u00e9ation d&rsquo;une Maquette HTML<\/li>\n<div class=\"w-pricing-item-footer\">\n\t\t\t\t\t\t<a class=\"w-pricing-item-footer-button g-btn type_default\" href=\"http:\/\/coralia-wsd.com\/site\/demande-de-devis\/\"><span>Demande de prix<\/span><\/a>\n\t\t\t\t\t<\/div>\n<\/ul><\/div><\/div>\n<div class=\"w-pricing-item type_featured\"><div class=\"w-pricing-item-h\">\n\t\t\t\t\t\t<div class=\"w-pricing-item-header\">\n\t\t\t\t\t\t\t<div class=\"w-pricing-item-title\">MAIL BASIC<\/div>\n\t\t\t\t\t\t\t<div class=\"w-pricing-item-price\"><small><\/small><\/div>\n\t\t\t\t\t\t<\/div>\n\t\t\t\t\t\t<ul class=\"w-pricing-item-features\">\n<li class=\"w-pricing-item-feature\"> 2 envois de 20 000 mails TUNISIEN GENERALE aleatoire + Choix de 1 base par cible d\u2019activit\u00e9.\u00a0<\/li>\n<li class=\"w-pricing-item-feature\">1 envoi tous les 15 jours<br \/>\n<\/li>\n<li class=\"w-pricing-item-feature\"> Cr\u00e9ation une Maquette HTML<\/li>\n<div class=\"w-pricing-item-footer\">\n\t\t\t\t\t\t<a class=\"w-pricing-item-footer-button g-btn type_featured\" href=\"http:\/\/coralia-wsd.com\/site\/demande-de-devis\/\"><span>Demande de prix<\/span><\/a>\n\t\t\t\t\t<\/div>\n<\/ul><\/div><\/div>\n<div class=\"w-pricing-item\"><div class=\"w-pricing-item-h\">\n\t\t\t\t\t\t<div class=\"w-pricing-item-header\">\n\t\t\t\t\t\t\t<div class=\"w-pricing-item-title\">MAIL premium<\/div>\n\t\t\t\t\t\t\t<div class=\"w-pricing-item-price\"><small><\/small><\/div>\n\t\t\t\t\t\t<\/div>\n\t\t\t\t\t\t<ul class=\"w-pricing-item-features\">\n<li class=\"w-pricing-item-feature\">\u00a04 envois de 20 000 mails TUNISIEN GENERALE aleatoire + Choix de 1 base par cible d\u2019activit\u00e9. <\/li>\n<li class=\"w-pricing-item-feature\">1 envoi tous les 7 jours<br \/>\n<\/li>\n<li class=\"w-pricing-item-feature\">Cr\u00e9ation de \u00a01 ou 2 Maquette HTML\u00a0<\/li>\n<div class=\"w-pricing-item-footer\">\n\t\t\t\t\t\t<a class=\"w-pricing-item-footer-button g-btn type_default\" href=\"http:\/\/coralia-wsd.com\/site\/demande-de-devis\/\"><span>Demande de prix<\/span><\/a>\n\t\t\t\t\t<\/div>\n<\/ul><\/div><\/div>\n<\/div><\/div>\n<div class=\"g-cols\"><div class=\"one-third\"><\/div><div class=\"one-third\"><\/div><div class=\"one-third\"><\/div><\/div>\n<div class=\"w-pricing\"> <div class=\"w-pricing-h\">\n<div class=\"w-pricing-item\"><div class=\"w-pricing-item-h\">\n\t\t\t\t\t\t<div class=\"w-pricing-item-header\">\n\t\t\t\t\t\t\t<div class=\"w-pricing-item-title\">MAIL MIDDLE <\/div>\n\t\t\t\t\t\t\t<div class=\"w-pricing-item-price\"><small><\/small><\/div>\n\t\t\t\t\t\t<\/div>\n\t\t\t\t\t\t<ul class=\"w-pricing-item-features\">\n<li class=\"w-pricing-item-feature\"> 4 envois de 50 000 mails TUNISIEN GENERALE aleatoire + Choix de 1 \u00e0 5 bases par cible d\u2019activit\u00e9<\/li>\n<li class=\"w-pricing-item-feature\"> 1 envoi tous les 7 jours<br \/>\n<\/li>\n<li class=\"w-pricing-item-feature\"> Cr\u00e9ation de 1 \u00e0 4 Maquette HTML\u00a0<\/li>\n<div class=\"w-pricing-item-footer\">\n\t\t\t\t\t\t<a class=\"w-pricing-item-footer-button g-btn type_default\" href=\"http:\/\/coralia-wsd.com\/site\/demande-de-devis\/\"><span>Demande de prix<\/span><\/a>\n\t\t\t\t\t<\/div>\n<\/ul><\/div><\/div>\n<div class=\"w-pricing-item type_featured\"><div class=\"w-pricing-item-h\">\n\t\t\t\t\t\t<div class=\"w-pricing-item-header\">\n\t\t\t\t\t\t\t<div class=\"w-pricing-item-title\">MAIL Silver<\/div>\n\t\t\t\t\t\t\t<div class=\"w-pricing-item-price\"><small><\/small><\/div>\n\t\t\t\t\t\t<\/div>\n\t\t\t\t\t\t<ul class=\"w-pricing-item-features\">\n<li class=\"w-pricing-item-feature\"> 4 envois de 200 000 mails GENERALE aleatoire + Choix de 1 \u00e0 10 bases par cible d\u2019activit\u00e9.\u00a0<\/li>\n<li class=\"w-pricing-item-feature\">\u00a01 envoi tous les 7 jours.<br \/>\n<\/li>\n<li class=\"w-pricing-item-feature\"> Cr\u00e9ation 1 \u00e0 4 Maquette HTML<br \/>\n<\/li>\n<div class=\"w-pricing-item-footer\">\n\t\t\t\t\t\t<a class=\"w-pricing-item-footer-button g-btn type_featured\" href=\"http:\/\/coralia-wsd.com\/site\/demande-de-devis\/\"><span>Demande de prix<\/span><\/a>\n\t\t\t\t\t<\/div>\n<\/ul><\/div><\/div>\n<div class=\"w-pricing-item\"><div class=\"w-pricing-item-h\">\n\t\t\t\t\t\t<div class=\"w-pricing-item-header\">\n\t\t\t\t\t\t\t<div class=\"w-pricing-item-title\">MAIL GOLD<\/div>\n\t\t\t\t\t\t\t<div class=\"w-pricing-item-price\"><small><\/small><\/div>\n\t\t\t\t\t\t<\/div>\n\t\t\t\t\t\t<ul class=\"w-pricing-item-features\">\n<li class=\"w-pricing-item-feature\"> 4 envois de 350 000 mails TUNISIEN GENERALE aleatoire + Choix de 1 \u00e0 20 bases par cible d\u2019activit\u00e9.\u00a0<\/li>\n<li class=\"w-pricing-item-feature\">1 envoi tous les 7 jours<br \/>\n<\/li>\n<li class=\"w-pricing-item-feature\">Cr\u00e9ation de \u00a01 \u00e0 4 Maquette HTML\u00a0<\/li>\n<div class=\"w-pricing-item-footer\">\n\t\t\t\t\t\t<a class=\"w-pricing-item-footer-button g-btn type_default\" href=\"http:\/\/coralia-wsd.com\/site\/demande-de-devis\/\"><span>Demande de prix<\/span><\/a>\n\t\t\t\t\t<\/div>\n<\/ul><\/div><\/div>\n<\/div><\/div>\n<\/div><\/div>","protected":false},"excerpt":{"rendered":"L\u2019emailing reste le principal outil de fid\u00e9lisation et de prospection pour vos produits et vos services : un bon message commercial, c\u2019est 45% d\u2019intention d\u2019achat sur un site marchand ! PRIVIL\u00c9GIEZ LA QUALIT\u00c9 \u00c0 LA QUANTIT\u00c9 Bien d\u00e9finir votre cible...","protected":false},"author":4,"featured_media":0,"parent":0,"menu_order":0,"comment_status":"closed","ping_status":"closed","template":"","meta":[],"_links":{"self":[{"href":"http:\/\/www.coralia-wsd.com\/site\/wp-json\/wp\/v2\/pages\/4270"}],"collection":[{"href":"http:\/\/www.coralia-wsd.com\/site\/wp-json\/wp\/v2\/pages"}],"about":[{"href":"http:\/\/www.coralia-wsd.com\/site\/wp-json\/wp\/v2\/types\/page"}],"author":[{"embeddable":true,"href":"http:\/\/www.coralia-wsd.com\/site\/wp-json\/wp\/v2\/users\/4"}],"replies":[{"embeddable":true,"href":"http:\/\/www.coralia-wsd.com\/site\/wp-json\/wp\/v2\/comments?post=4270"}],"version-history":[{"count":11,"href":"http:\/\/www.coralia-wsd.com\/site\/wp-json\/wp\/v2\/pages\/4270\/revisions"}],"predecessor-version":[{"id":4317,"href":"http:\/\/www.coralia-wsd.com\/site\/wp-json\/wp\/v2\/pages\/4270\/revisions\/4317"}],"wp:attachment":[{"href":"http:\/\/www.coralia-wsd.com\/site\/wp-json\/wp\/v2\/media?parent=4270"}],"curies":[{"name":"wp","href":"https:\/\/api.w.org\/{rel}","templated":true}]}}