{"id":478,"date":"2012-10-21T00:00:56","date_gmt":"2012-10-20T23:00:56","guid":{"rendered":"http:\/\/coralia-wsd.com\/site\/?page_id=478"},"modified":"2014-03-03T08:54:53","modified_gmt":"2014-03-03T07:54:53","slug":"referencement","status":"publish","type":"page","link":"http:\/\/www.coralia-wsd.com\/site\/web\/referencement\/","title":{"rendered":"R\u00e9f\u00e9rencement"},"content":{"rendered":"<div class=\"l-submain\"><div class=\"l-submain-h g-html i-cf\"><div id=\"text-col\"><a ref=\"magnificPopup\" href=\"http:\/\/coralia-wsd.com\/site\/wp-content\/uploads\/2012\/10\/referencement-CORALIA.jpg\"><img loading=\"lazy\" class=\"alignright\" alt=\"referencement CORALIA\" src=\"http:\/\/coralia-wsd.com\/site\/wp-content\/uploads\/2012\/10\/referencement-CORALIA-224x300.jpg\" width=\"224\" height=\"300\" \/><\/a>Le mot \u00ab\u00a0r\u00e9f\u00e9rencement\u00a0\u00bb d\u00e9signe un ensemble de techniques visant \u00e0 indexer le contenu d&rsquo;un site dans les bases de donn\u00e9es des outils de recherche (moteurs, annuaires).<\/div>\n<p>Le but du r\u00e9f\u00e9rencement est d&rsquo;apporter une bonne visibilit\u00e9 \u00e0 un site. Cela passe par plusieurs mesures<\/p>\n<ul>\n<li>Le Webmastering, Gestion des contenue du site continue.<\/li>\n<li>Le Web Analytics<\/li>\n<li>Obtenir des liens depuis des sites \u00ab\u00a0partenaires\u00a0\u00bb<\/li>\n<li>Enregistrer l&rsquo;adresse du site dans des annuaires<\/li>\n<li>Outils \u00a0Google webmaster<span style=\"line-height: 1.5em;\">\u00a0<\/span><\/li>\n<\/ul>\n<p>Une d\u00e9marche de r\u00e9f\u00e9rencement qualitatif visera \u00e0 faire appara\u00eetre le site le plus \u00ab\u00a0haut\u00a0\u00bb possible dans les r\u00e9sultats des moteurs de recherche. L&rsquo;objectif \u00e9tant de se positionner en premi\u00e8re page, c&rsquo;est \u00e0 dire dans les dix premiers.<\/p>\n<p>&nbsp;<\/p>\n<\/div><\/div>","protected":false},"excerpt":{"rendered":"<p>Le mot \u00ab\u00a0r\u00e9f\u00e9rencement\u00a0\u00bb d\u00e9signe un ensemble de techniques visant \u00e0 indexer le contenu d&rsquo;un site dans les bases de donn\u00e9es des outils de recherche (moteurs, annuaires). Le but du r\u00e9f\u00e9rencement est d&rsquo;apporter une bonne visibilit\u00e9 \u00e0 un site. Cela passe&#8230;<\/p>\n","protected":false},"author":4,"featured_media":0,"parent":10,"menu_order":0,"comment_status":"open","ping_status":"open","template":"","meta":[],"_links":{"self":[{"href":"http:\/\/www.coralia-wsd.com\/site\/wp-json\/wp\/v2\/pages\/478"}],"collection":[{"href":"http:\/\/www.coralia-wsd.com\/site\/wp-json\/wp\/v2\/pages"}],"about":[{"href":"http:\/\/www.coralia-wsd.com\/site\/wp-json\/wp\/v2\/types\/page"}],"author":[{"embeddable":true,"href":"http:\/\/www.coralia-wsd.com\/site\/wp-json\/wp\/v2\/users\/4"}],"replies":[{"embeddable":true,"href":"http:\/\/www.coralia-wsd.com\/site\/wp-json\/wp\/v2\/comments?post=478"}],"version-history":[{"count":4,"href":"http:\/\/www.coralia-wsd.com\/site\/wp-json\/wp\/v2\/pages\/478\/revisions"}],"predecessor-version":[{"id":3105,"href":"http:\/\/www.coralia-wsd.com\/site\/wp-json\/wp\/v2\/pages\/478\/revisions\/3105"}],"up":[{"embeddable":true,"href":"http:\/\/www.coralia-wsd.com\/site\/wp-json\/wp\/v2\/pages\/10"}],"wp:attachment":[{"href":"http:\/\/www.coralia-wsd.com\/site\/wp-json\/wp\/v2\/media?parent=478"}],"curies":[{"name":"wp","href":"https:\/\/api.w.org\/{rel}","templated":true}]}}